{"id":1398,"date":"2021-07-29T23:47:33","date_gmt":"2021-07-29T23:47:33","guid":{"rendered":"https:\/\/mbdental.ma\/?page_id=1398"},"modified":"2024-01-07T15:26:01","modified_gmt":"2024-01-07T14:26:01","slug":"dentisterie-pediatrique","status":"publish","type":"page","link":"https:\/\/mbdental.ma\/en\/paediatric-dentistry\/","title":{"rendered":"Paediatric Dentistry"},"content":{"rendered":"<section id=\"bt_bb_section69dbe79617a3b\" class=\"bt_bb_section bt_bb_color_scheme_1 bt_bb_layout_boxed_1200 bt_bb_vertical_align_top bt_bb_bottom_section_coverage_image bt_bb_section_with_bottom_coverage_image bt_bb_section_show_right_boxed_content\" style=\"; --section-primary-color:#ffffff; --section-secondary-color:#191919;;background-color:#1ebeb6;\" data-bt-override-class=\"null\"><div class=\"bt_bb_background_image_holder_wrapper\"><div class=\"bt_bb_background_image_holder btLazyLoadBackground\"  data-background_image_src=\"https:\/\/mbdental.ma\/wp-content\/uploads\/2020\/01\/background.jpg\" data-parallax-zoom-start=\"1\" data-parallax-zoom-end=\"1\" data-parallax-blur-start=\"0\" data-parallax-blur-end=\"0\" data-parallax-opacity-start=\"1\" data-parallax-opacity-end=\"1\" style=\" background-image: url(&#039;https:\/\/mbdental.ma\/wp-content\/plugins\/bold-page-builder\/img\/blank.gif&#039;);\"><\/div><\/div><div class=\"bt_bb_port\"><div class=\"bt_bb_cell\"><div class=\"bt_bb_cell_inner\"><div class=\"bt_bb_row_wrapper\"><div  class=\"bt_bb_row\"  data-bt-override-class=\"{}\"><div  class=\"bt_bb_column col-xxl-6 col-xl-6 col-xs-12 col-sm-6 col-md-6 col-lg-6 bt_bb_vertical_align_top bt_bb_align_left bt_bb_padding_normal\"  data-width=\"6\" data-bt-override-class=\"{}\"><div class=\"bt_bb_column_content\"><div class=\"bt_bb_separator bt_bb_border_style_none bt_bb_bottom_spacing_small\" data-bt-override-class=\"null\"><\/div><div class=\"bt_bb_separator bt_bb_border_style_none bt_bb_bottom_spacing_small\" data-bt-override-class=\"null\"><\/div><div class=\"bt_bb_separator bt_bb_border_style_none bt_bb_bottom_spacing_small\" data-bt-override-class=\"null\"><\/div><div class=\"bt_bb_separator bt_bb_border_style_none bt_bb_bottom_spacing_small\" data-bt-override-class=\"null\"><\/div><div class=\"bt_bb_separator bt_bb_border_style_none bt_bb_bottom_spacing_small\" data-bt-override-class=\"null\"><\/div><div class=\"bt_bb_separator bt_bb_border_style_none bt_bb_bottom_spacing_small\" data-bt-override-class=\"null\"><\/div><\/div><\/div><div  class=\"bt_bb_column col-xxl-6 col-xl-6 col-xs-12 col-sm-6 col-md-6 col-lg-6 bt_bb_vertical_align_top bt_bb_align_left bt_bb_padding_normal\"  data-width=\"6\" data-bt-override-class=\"{}\"><div class=\"bt_bb_column_content\"><div class=\"bt_bb_separator bt_bb_border_style_none bt_bb_bottom_spacing_small\" data-bt-override-class=\"null\"><\/div><\/div><\/div><\/div><\/div><\/div><!-- cell_inner --><\/div><!-- cell --><\/div><!-- port --><div class=\"bt_bb_section_bottom_section_coverage_image\"><img src=\"https:\/\/mbdental.ma\/wp-content\/uploads\/2020\/02\/bgn-footer-reverse.png\" alt=\"bt_bbb_section_bottom_section_coverage_image\" \/><\/div><\/section><section id=\"bt_bb_section69dbe79617cba\" class=\"bt_bb_section bt_bb_layout_boxed_1200 bt_bb_vertical_align_middle bt_bb_top_spacing_medium bt_bb_bottom_spacing_medium\"  data-bt-override-class=\"null\"><div class=\"bt_bb_port\"><div class=\"bt_bb_cell\"><div class=\"bt_bb_cell_inner\"><div class=\"bt_bb_row_wrapper\"><div  class=\"bt_bb_row bt_bb_column_gap_35\"  data-bt-override-class=\"{}\"><div  class=\"bt_bb_column col-xxl-12 col-xl-12 col-xs-12 col-sm-12 col-md-12 col-lg-12 bt_bb_vertical_align_top bt_bb_align_left bt_bb_padding_normal bt_bb_animation_fade_in animate\"  data-width=\"12\" data-bt-override-class=\"{}\"><div class=\"bt_bb_column_content\"><div class=\"bt_bb_separator bt_bb_border_style_none bt_bb_bottom_spacing_small\" data-bt-override-class=\"null\"><\/div><div class=\"bt_bb_separator bt_bb_border_style_none bt_bb_bottom_spacing_small\" data-bt-override-class=\"null\"><\/div><div class=\"bt_bb_row_wrapper\"><div  class=\"bt_bb_row_inner\"  data-bt-override-class=\"{}\"><div  class=\"bt_bb_column_inner col-xxl-6 col-xl-6 bt_bb_align_left bt_bb_vertical_align_top\"  data-width=\"6\" data-bt-override-class=\"{}\"><div class=\"bt_bb_column_inner_content\"><div data-bb-version=\"4.7.6\" class=\"bt_bb_image bt_bb_shape_square bt_bb_target_self bt_bb_align_inherit bt_bb_hover_style_simple bt_bb_content_display_always bt_bb_content_align_middle\" data-bt-override-class=\"{&quot;bt_bb_align_&quot;:{&quot;current_class&quot;:&quot;bt_bb_align_inherit&quot;,&quot;xxl&quot;:&quot;inherit&quot;},&quot;bt_bb_content_display_&quot;:{&quot;current_class&quot;:&quot;bt_bb_content_display_always&quot;,&quot;xxl&quot;:&quot;always&quot;}}\"><span><img width=\"640\" height=\"480\" src=\"https:\/\/mbdental.ma\/wp-content\/uploads\/2024\/01\/pedodontie-640x480.jpg\" class=\"attachment-boldthemes_medium_rectangle size-boldthemes_medium_rectangle\" alt=\"pedodontics\" decoding=\"async\" data-full_image_src=\"https:\/\/mbdental.ma\/wp-content\/uploads\/2024\/01\/pedodontie.jpg\" title=\"pedodontics\" srcset=\"https:\/\/mbdental.ma\/wp-content\/uploads\/2024\/01\/pedodontie-640x480.jpg 640w, https:\/\/mbdental.ma\/wp-content\/uploads\/2024\/01\/pedodontie-16x12.jpg 16w, https:\/\/mbdental.ma\/wp-content\/uploads\/2024\/01\/pedodontie-320x240.jpg 320w\" sizes=\"(max-width: 640px) 100vw, 640px\" \/><\/span><\/div><div class=\"bt_bb_separator bt_bb_border_style_none bt_bb_bottom_spacing_normal bt_bb_hidden_md bt_bb_hidden_lg\" data-bt-override-class=\"null\"><\/div><div class=\"bt_bb_column_inner_highlight\"><\/div><\/div><\/div><div  class=\"bt_bb_column_inner col-xxl-6 col-xl-6 bt_bb_align_left bt_bb_vertical_align_top\"  data-width=\"6\" data-bt-override-class=\"{}\"><div class=\"bt_bb_column_inner_content\"><div class=\"bt_bb_separator bt_bb_border_style_none bt_bb_bottom_spacing_small\" data-bt-override-class=\"null\"><\/div><header data-bb-version=\"4.7.6\" class=\"bt_bb_headline bt_bb_subheadline_text_transform_default bt_bb_color_scheme_4 bt_bb_dash_none bt_bb_subheadline bt_bb_size_inherit bt_bb_align_inherit bt_bb_dash_type_none\" style=\"; --primary-color:#1ebeb6; --secondary-color:#ffffff;\" data-bt-override-class=\"{&quot;bt_bb_size_&quot;:{&quot;current_class&quot;:&quot;bt_bb_size_inherit&quot;,&quot;xxl&quot;:&quot;inherit&quot;},&quot;bt_bb_align_&quot;:{&quot;current_class&quot;:&quot;bt_bb_align_inherit&quot;,&quot;xxl&quot;:&quot;inherit&quot;}}\"><h1 class=\"bt_bb_headline_tag\"><span class=\"bt_bb_headline_content\"><span>Paediatric Dentistry<\/span><\/span><\/h1><div class=\"bt_bb_headline_subheadline\">Specialised dentistry for children<\/div><\/header><div class=\"bt_bb_separator bt_bb_border_style_none bt_bb_bottom_spacing_small\" data-bt-override-class=\"null\"><\/div><div class=\"bt_bb_separator bt_bb_border_style_none bt_bb_bottom_spacing_small\" data-bt-override-class=\"null\"><\/div><div  class=\"bt_bb_text\" ><p>Paediatric dentistry, also known as pedodontics, is a branch of dentistry that specialises in dental care for children, from infants to teenagers.<\/p>\n<\/div><div class=\"bt_bb_column_inner_highlight\"><\/div><\/div><\/div><\/div><\/div><div data-bb-version=\"4.7.6\" class=\"bt_bb_separator bt_bb_border_style_none bt_bb_top_spacing_normal bt_bb_bottom_spacing_normal\" data-bt-override-class=\"{&quot;bt_bb_top_spacing_&quot;:{&quot;current_class&quot;:&quot;bt_bb_top_spacing_normal&quot;,&quot;xxl&quot;:&quot;normal&quot;},&quot;bt_bb_bottom_spacing_&quot;:{&quot;current_class&quot;:&quot;bt_bb_bottom_spacing_normal&quot;,&quot;xxl&quot;:&quot;normal&quot;}}\"><\/div><header data-bb-version=\"4.7.6\" class=\"bt_bb_headline bt_bb_subheadline_text_transform_default bt_bb_color_scheme_4 bt_bb_dash_none bt_bb_size_medium bt_bb_align_inherit bt_bb_dash_type_none\" style=\"; --primary-color:#1ebeb6; --secondary-color:#ffffff;\" data-bt-override-class=\"{&quot;bt_bb_size_&quot;:{&quot;current_class&quot;:&quot;bt_bb_size_medium&quot;,&quot;xxl&quot;:&quot;medium&quot;},&quot;bt_bb_align_&quot;:{&quot;current_class&quot;:&quot;bt_bb_align_inherit&quot;,&quot;xxl&quot;:&quot;inherit&quot;}}\"><h3 class=\"bt_bb_headline_tag\"><span class=\"bt_bb_headline_content\"><span>At what age should a child start seeing a dentist?<\/span><\/span><\/h3><\/header><div class=\"bt_bb_separator bt_bb_border_style_none bt_bb_bottom_spacing_small\" data-bt-override-class=\"null\"><\/div><div class=\"bt_bb_row_wrapper\"><div  class=\"bt_bb_row_inner\"  data-bt-override-class=\"{}\"><div  class=\"bt_bb_column_inner col-xxl-12 col-xl-12 col-xs-12 col-sm-12 col-md-12 col-lg-12 bt_bb_align_left bt_bb_vertical_align_top\"  data-width=\"12\" data-bt-override-class=\"{}\"><div class=\"bt_bb_column_inner_content\"><div  class=\"bt_bb_text\" ><p>We recommend that you allow your child to make his or her first visit to the dentist ideally around the age of one or after the eruption of the first tooth.<br \/>\nYou can accompany your child to your own <a href=\"https:\/\/mbdental.ma\/en\/book-online-appointment\/\">appointment<\/a> dental clinic environment, and to meet your dentist and the team. Your dentist will also use this opportunity to give advice on oral hygiene, particularly tooth brushing, so that good habits can be established as early as possible!<\/p>\n<\/div><div class=\"bt_bb_separator bt_bb_border_style_none bt_bb_bottom_spacing_normal bt_bb_hidden_md bt_bb_hidden_lg\" data-bt-override-class=\"null\"><\/div><div class=\"bt_bb_column_inner_highlight\"><\/div><\/div><\/div><\/div><\/div><div class=\"bt_bb_separator bt_bb_border_style_none bt_bb_bottom_spacing_small\" data-bt-override-class=\"null\"><\/div><header data-bb-version=\"4.7.6\" class=\"bt_bb_headline bt_bb_subheadline_text_transform_default bt_bb_color_scheme_4 bt_bb_dash_none bt_bb_size_medium bt_bb_align_inherit bt_bb_dash_type_none\" style=\"; --primary-color:#1ebeb6; --secondary-color:#ffffff;\" data-bt-override-class=\"{&quot;bt_bb_size_&quot;:{&quot;current_class&quot;:&quot;bt_bb_size_medium&quot;,&quot;xxl&quot;:&quot;medium&quot;},&quot;bt_bb_align_&quot;:{&quot;current_class&quot;:&quot;bt_bb_align_inherit&quot;,&quot;xxl&quot;:&quot;inherit&quot;}}\"><h3 class=\"bt_bb_headline_tag\"><span class=\"bt_bb_headline_content\"><span>Why treat baby teeth?<br \/>\r\n<\/span><\/span><\/h3><\/header><div class=\"bt_bb_separator bt_bb_border_style_none bt_bb_bottom_spacing_small\" data-bt-override-class=\"null\"><\/div><div class=\"bt_bb_row_wrapper\"><div  class=\"bt_bb_row_inner\"  data-bt-override-class=\"{}\"><div  class=\"bt_bb_column_inner col-xxl-12 col-xl-12 col-xs-12 col-sm-12 col-md-12 col-lg-12 bt_bb_align_left bt_bb_vertical_align_top\"  data-width=\"12\" data-bt-override-class=\"{}\"><div class=\"bt_bb_column_inner_content\"><div  class=\"bt_bb_text\" ><p>Even though milk teeth are temporary and will eventually be replaced by permanent teeth, taking care of them is important, especially for maintaining space for future permanent teeth. Milk teeth act as a natural guide for future permanent teeth. Their presence helps to maintain adequate space in the jaw, thus ensuring the correct eruption of the permanent teeth.<\/p>\n<p>Early dental care lays the foundations for good oral health, preventing future problems and promoting a smooth transition to permanent teeth.<\/p>\n<\/div><div class=\"bt_bb_separator bt_bb_border_style_none bt_bb_bottom_spacing_normal bt_bb_hidden_md bt_bb_hidden_lg\" data-bt-override-class=\"null\"><\/div><div class=\"bt_bb_column_inner_highlight\"><\/div><\/div><\/div><\/div><\/div><div class=\"bt_bb_separator bt_bb_border_style_none bt_bb_bottom_spacing_small\" data-bt-override-class=\"null\"><\/div><header class=\"bt_bb_headline bt_bb_color_scheme_4 bt_bb_dash_none bt_bb_size_medium bt_bb_align_inherit bt_bb_dash_type_none\" style=\"; --primary-color:#1ebeb6; --secondary-color:#ffffff;\" data-bt-override-class=\"{&quot;bt_bb_align_&quot;:{&quot;current_class&quot;:&quot;bt_bb_align_inherit&quot;,&quot;xxl&quot;:&quot;inherit&quot;,&quot;xl&quot;:&quot;inherit&quot;}}\"><h3 class=\"bt_bb_headline_tag\"><span class=\"bt_bb_headline_content\"><span>Our mission<\/span><\/span><\/h3><\/header><div class=\"bt_bb_separator bt_bb_border_style_none bt_bb_bottom_spacing_small\" data-bt-override-class=\"null\"><\/div><div class=\"bt_bb_row_wrapper\"><div  class=\"bt_bb_row_inner\"  data-bt-override-class=\"{}\"><div  class=\"bt_bb_column_inner col-xxl-12 col-xl-12 col-xs-12 col-sm-12 col-md-12 col-lg-12 bt_bb_align_left bt_bb_vertical_align_top\"  data-width=\"12\" data-bt-override-class=\"{}\"><div class=\"bt_bb_column_inner_content\"><div  class=\"bt_bb_text\" ><p>Our main objective is to <span style=\"font-weight: 400;\">preserve<\/span> your children's oral health and prevent dental problems as they grow, while building a relationship of trust with your child.<\/p>\n<p><span style=\"font-weight: 400;\"><strong>Montblanc Dental Center<\/strong> welcomes and cares for the children.<\/span><\/p>\n<p><span style=\"font-weight: 400;\"><strong>Our dentist<\/strong>\u00a0tries to put the child at ease so that he or she can be treated without apprehension or pain.<\/span><\/p>\n<\/div><div class=\"bt_bb_separator bt_bb_border_style_none bt_bb_bottom_spacing_normal bt_bb_hidden_md bt_bb_hidden_lg\" data-bt-override-class=\"null\"><\/div><div class=\"bt_bb_column_inner_highlight\"><\/div><\/div><\/div><\/div><\/div><div class=\"bt_bb_separator bt_bb_border_style_none bt_bb_bottom_spacing_small\" data-bt-override-class=\"null\"><\/div><\/div><\/div><\/div><\/div><\/div><!-- cell_inner --><\/div><!-- cell --><\/div><!-- port --><\/section>","protected":false},"excerpt":{"rendered":"<p>Credibly reintermediate backend ideas for cross-platform models. Continually reintermediate integrated processes through technically sound intellectual capital. Holistically foster superior methodologies without market-driven best practices.<\/p>","protected":false},"author":1,"featured_media":2817,"parent":0,"menu_order":0,"comment_status":"closed","ping_status":"closed","template":"","meta":{"_mi_skip_tracking":false,"_monsterinsights_sitenote_active":false,"_monsterinsights_sitenote_note":"","_monsterinsights_sitenote_category":0,"footnotes":""},"yoast_head":"<!-- This site is optimized with the Yoast SEO Premium plugin v21.5 (Yoast SEO v21.5) - https:\/\/yoast.com\/wordpress\/plugins\/seo\/ -->\n<title>Dentisterie P\u00e9diatrique | Mb Dental Marrakech<\/title>\n<meta name=\"description\" content=\"Dentisterie p\u00e9diatrique : prenez rendez-vous en ligne ou par t\u00e9l\u00e9phone. Soins dentaires pour b\u00e9b\u00e9, enfant, et adolescent.\" \/>\n<meta name=\"robots\" content=\"index, follow, max-snippet:-1, max-image-preview:large, max-video-preview:-1\" \/>\n<link rel=\"canonical\" href=\"https:\/\/mbdental.ma\/en\/paediatric-dentistry\/\" \/>\n<meta property=\"og:locale\" content=\"en_GB\" \/>\n<meta property=\"og:type\" content=\"article\" \/>\n<meta property=\"og:title\" content=\"Dentisterie P\u00e9diatrique\" \/>\n<meta property=\"og:description\" content=\"Dentisterie p\u00e9diatrique : prenez rendez-vous en ligne ou par t\u00e9l\u00e9phone. Soins dentaires pour b\u00e9b\u00e9, enfant, et adolescent.\" \/>\n<meta property=\"og:url\" content=\"https:\/\/mbdental.ma\/en\/paediatric-dentistry\/\" \/>\n<meta property=\"og:site_name\" content=\"Montblanc Dental Center - Dentiste Marrakech | Hollywood Smile, Implant, Invisalign, Orthodontie, Facette, Blanchiment\" \/>\n<meta property=\"article:publisher\" content=\"https:\/\/www.facebook.com\/montblancdental\/\" \/>\n<meta property=\"article:modified_time\" content=\"2024-01-07T14:26:01+00:00\" \/>\n<meta property=\"og:image\" content=\"https:\/\/mbdental.ma\/wp-content\/uploads\/2024\/01\/Untitled-design-10.jpg\" \/>\n\t<meta property=\"og:image:width\" content=\"1080\" \/>\n\t<meta property=\"og:image:height\" content=\"800\" \/>\n\t<meta property=\"og:image:type\" content=\"image\/jpeg\" \/>\n<meta name=\"twitter:card\" content=\"summary_large_image\" \/>\n<meta name=\"twitter:site\" content=\"@montblancdental\" \/>\n<meta name=\"twitter:label1\" content=\"Estimated reading time\" \/>\n\t<meta name=\"twitter:data1\" content=\"5 minutes\" \/>\n<script type=\"application\/ld+json\" class=\"yoast-schema-graph\">{\"@context\":\"https:\/\/schema.org\",\"@graph\":[{\"@type\":\"WebPage\",\"@id\":\"https:\/\/mbdental.ma\/dentisterie-pediatrique\/\",\"url\":\"https:\/\/mbdental.ma\/dentisterie-pediatrique\/\",\"name\":\"Dentisterie P\u00e9diatrique | Mb Dental Marrakech\",\"isPartOf\":{\"@id\":\"https:\/\/mbdental.ma\/#website\"},\"datePublished\":\"2021-07-29T23:47:33+00:00\",\"dateModified\":\"2024-01-07T14:26:01+00:00\",\"description\":\"Dentisterie p\u00e9diatrique : prenez rendez-vous en ligne ou par t\u00e9l\u00e9phone. Soins dentaires pour b\u00e9b\u00e9, enfant, et adolescent.\",\"breadcrumb\":{\"@id\":\"https:\/\/mbdental.ma\/dentisterie-pediatrique\/#breadcrumb\"},\"inLanguage\":\"en-GB\",\"potentialAction\":[{\"@type\":\"ReadAction\",\"target\":[\"https:\/\/mbdental.ma\/dentisterie-pediatrique\/\"]}]},{\"@type\":\"BreadcrumbList\",\"@id\":\"https:\/\/mbdental.ma\/dentisterie-pediatrique\/#breadcrumb\",\"itemListElement\":[{\"@type\":\"ListItem\",\"position\":1,\"name\":\"Home\",\"item\":\"https:\/\/mbdental.ma\/\"},{\"@type\":\"ListItem\",\"position\":2,\"name\":\"Dentisterie P\u00e9diatrique\"}]},{\"@type\":\"WebSite\",\"@id\":\"https:\/\/mbdental.ma\/#website\",\"url\":\"https:\/\/mbdental.ma\/\",\"name\":\"Montblanc Dental\",\"description\":\"Dentiste , Clinique Dentaire \u00e0 Marrakech\",\"publisher\":{\"@id\":\"https:\/\/mbdental.ma\/#organization\"},\"alternateName\":\"Dentiste Marrakech\",\"potentialAction\":[{\"@type\":\"SearchAction\",\"target\":{\"@type\":\"EntryPoint\",\"urlTemplate\":\"https:\/\/mbdental.ma\/?s={search_term_string}\"},\"query-input\":\"required name=search_term_string\"}],\"inLanguage\":\"en-GB\"},{\"@type\":[\"Organization\",\"Place\",\"Dentist\"],\"@id\":\"https:\/\/mbdental.ma\/#organization\",\"name\":\"Montblanc Dental Center | Hollywood Smile, Implants, Invisalign, Ortho, Facettes, Blanchiment Dentaire, Dentiste Marrakech\",\"url\":\"https:\/\/mbdental.ma\/\",\"logo\":{\"@id\":\"https:\/\/mbdental.ma\/dentisterie-pediatrique\/#local-main-organization-logo\"},\"image\":{\"@id\":\"https:\/\/mbdental.ma\/dentisterie-pediatrique\/#local-main-organization-logo\"},\"sameAs\":[\"https:\/\/www.facebook.com\/montblancdental\/\",\"https:\/\/twitter.com\/montblancdental\",\"https:\/\/www.instagram.com\/montblancdental\/\",\"https:\/\/www.aly.ma\/business\/montblanc-dental-center-marrakech-gueliz-ly\"],\"address\":{\"@id\":\"https:\/\/mbdental.ma\/dentisterie-pediatrique\/#local-main-place-address\"},\"geo\":{\"@type\":\"GeoCoordinates\",\"latitude\":\"31.6388807\",\"longitude\":\"-8.0200494\"},\"telephone\":[\"0524432942\",\"0654226144\"],\"openingHoursSpecification\":[{\"@type\":\"OpeningHoursSpecification\",\"dayOfWeek\":[\"Monday\",\"Wednesday\",\"Friday\"],\"opens\":\"09:00\",\"closes\":\"19:00\"},{\"@type\":\"OpeningHoursSpecification\",\"dayOfWeek\":[\"Tuesday\",\"Thursday\"],\"opens\":\"09:00\",\"closes\":\"17:00\"},{\"@type\":\"OpeningHoursSpecification\",\"dayOfWeek\":[\"Saturday\"],\"opens\":\"09:00\",\"closes\":\"13:00\"},{\"@type\":\"OpeningHoursSpecification\",\"dayOfWeek\":[\"Sunday\"],\"opens\":\"00:00\",\"closes\":\"00:00\"}],\"email\":\"contact@mbdental.ma\",\"areaServed\":\"Marrakech, Gueliz, Annakhil, M\u00e9nara, Targa, Daoudiate, Massira I, Massira II, Massira III\",\"priceRange\":\"$\",\"paymentAccepted\":\"Cash, Card\"},{\"@type\":\"PostalAddress\",\"@id\":\"https:\/\/mbdental.ma\/dentisterie-pediatrique\/#local-main-place-address\",\"streetAddress\":\"N\u00b01, 1er \u00e9tage, Imm Tissir Quartier Youssef Ibn Tachfine, Rt Targa\",\"addressLocality\":\"Marrakech\",\"postalCode\":\"40000\",\"addressCountry\":\"MA\"},{\"@type\":\"ImageObject\",\"inLanguage\":\"en-GB\",\"@id\":\"https:\/\/mbdental.ma\/dentisterie-pediatrique\/#local-main-organization-logo\",\"url\":\"https:\/\/mbdental.ma\/wp-content\/uploads\/2023\/11\/MONTBLANC-DENTAL-CENTER-LOGO.png\",\"contentUrl\":\"https:\/\/mbdental.ma\/wp-content\/uploads\/2023\/11\/MONTBLANC-DENTAL-CENTER-LOGO.png\",\"width\":1388,\"height\":1388,\"caption\":\"Montblanc Dental Center | Hollywood Smile, Implants, Invisalign, Ortho, Facettes, Blanchiment Dentaire, Dentiste Marrakech\"}]}<\/script>\n<meta name=\"geo.placename\" content=\"Marrakech\" \/>\n<meta name=\"geo.position\" content=\"31.6388807;-8.0200494\" \/>\n<meta name=\"geo.region\" content=\"Morocco\" \/>\n<!-- \/ Yoast SEO Premium plugin. -->","yoast_head_json":{"title":"Dentisterie P\u00e9diatrique | Mb Dental Marrakech","description":"Dentisterie p\u00e9diatrique : prenez rendez-vous en ligne ou par t\u00e9l\u00e9phone. Soins dentaires pour b\u00e9b\u00e9, enfant, et adolescent.","robots":{"index":"index","follow":"follow","max-snippet":"max-snippet:-1","max-image-preview":"max-image-preview:large","max-video-preview":"max-video-preview:-1"},"canonical":"https:\/\/mbdental.ma\/en\/paediatric-dentistry\/","og_locale":"en_GB","og_type":"article","og_title":"Dentisterie P\u00e9diatrique","og_description":"Dentisterie p\u00e9diatrique : prenez rendez-vous en ligne ou par t\u00e9l\u00e9phone. Soins dentaires pour b\u00e9b\u00e9, enfant, et adolescent.","og_url":"https:\/\/mbdental.ma\/en\/paediatric-dentistry\/","og_site_name":"Montblanc Dental Center - Dentiste Marrakech | Hollywood Smile, Implant, Invisalign, Orthodontie, Facette, Blanchiment","article_publisher":"https:\/\/www.facebook.com\/montblancdental\/","article_modified_time":"2024-01-07T14:26:01+00:00","og_image":[{"width":1080,"height":800,"url":"https:\/\/mbdental.ma\/wp-content\/uploads\/2024\/01\/Untitled-design-10.jpg","type":"image\/jpeg"}],"twitter_card":"summary_large_image","twitter_site":"@montblancdental","twitter_misc":{"Estimated reading time":"5 minutes"},"schema":{"@context":"https:\/\/schema.org","@graph":[{"@type":"WebPage","@id":"https:\/\/mbdental.ma\/dentisterie-pediatrique\/","url":"https:\/\/mbdental.ma\/dentisterie-pediatrique\/","name":"Dentisterie P\u00e9diatrique | Mb Dental Marrakech","isPartOf":{"@id":"https:\/\/mbdental.ma\/#website"},"datePublished":"2021-07-29T23:47:33+00:00","dateModified":"2024-01-07T14:26:01+00:00","description":"Dentisterie p\u00e9diatrique : prenez rendez-vous en ligne ou par t\u00e9l\u00e9phone. Soins dentaires pour b\u00e9b\u00e9, enfant, et adolescent.","breadcrumb":{"@id":"https:\/\/mbdental.ma\/dentisterie-pediatrique\/#breadcrumb"},"inLanguage":"en-GB","potentialAction":[{"@type":"ReadAction","target":["https:\/\/mbdental.ma\/dentisterie-pediatrique\/"]}]},{"@type":"BreadcrumbList","@id":"https:\/\/mbdental.ma\/dentisterie-pediatrique\/#breadcrumb","itemListElement":[{"@type":"ListItem","position":1,"name":"Home","item":"https:\/\/mbdental.ma\/"},{"@type":"ListItem","position":2,"name":"Dentisterie P\u00e9diatrique"}]},{"@type":"WebSite","@id":"https:\/\/mbdental.ma\/#website","url":"https:\/\/mbdental.ma\/","name":"Montblanc Dental","description":"Dentiste , Clinique Dentaire \u00e0 Marrakech","publisher":{"@id":"https:\/\/mbdental.ma\/#organization"},"alternateName":"Dentiste Marrakech","potentialAction":[{"@type":"SearchAction","target":{"@type":"EntryPoint","urlTemplate":"https:\/\/mbdental.ma\/?s={search_term_string}"},"query-input":"required name=search_term_string"}],"inLanguage":"en-GB"},{"@type":["Organization","Place","Dentist"],"@id":"https:\/\/mbdental.ma\/#organization","name":"Montblanc Dental Center | Hollywood Smile, Implants, Invisalign, Ortho, Facettes, Blanchiment Dentaire, Dentiste Marrakech","url":"https:\/\/mbdental.ma\/","logo":{"@id":"https:\/\/mbdental.ma\/dentisterie-pediatrique\/#local-main-organization-logo"},"image":{"@id":"https:\/\/mbdental.ma\/dentisterie-pediatrique\/#local-main-organization-logo"},"sameAs":["https:\/\/www.facebook.com\/montblancdental\/","https:\/\/twitter.com\/montblancdental","https:\/\/www.instagram.com\/montblancdental\/","https:\/\/www.aly.ma\/business\/montblanc-dental-center-marrakech-gueliz-ly"],"address":{"@id":"https:\/\/mbdental.ma\/dentisterie-pediatrique\/#local-main-place-address"},"geo":{"@type":"GeoCoordinates","latitude":"31.6388807","longitude":"-8.0200494"},"telephone":["0524432942","0654226144"],"openingHoursSpecification":[{"@type":"OpeningHoursSpecification","dayOfWeek":["Monday","Wednesday","Friday"],"opens":"09:00","closes":"19:00"},{"@type":"OpeningHoursSpecification","dayOfWeek":["Tuesday","Thursday"],"opens":"09:00","closes":"17:00"},{"@type":"OpeningHoursSpecification","dayOfWeek":["Saturday"],"opens":"09:00","closes":"13:00"},{"@type":"OpeningHoursSpecification","dayOfWeek":["Sunday"],"opens":"00:00","closes":"00:00"}],"email":"contact@mbdental.ma","areaServed":"Marrakech, Gueliz, Annakhil, M\u00e9nara, Targa, Daoudiate, Massira I, Massira II, Massira III","priceRange":"$","paymentAccepted":"Cash, Card"},{"@type":"PostalAddress","@id":"https:\/\/mbdental.ma\/dentisterie-pediatrique\/#local-main-place-address","streetAddress":"N\u00b01, 1er \u00e9tage, Imm Tissir Quartier Youssef Ibn Tachfine, Rt Targa","addressLocality":"Marrakech","postalCode":"40000","addressCountry":"MA"},{"@type":"ImageObject","inLanguage":"en-GB","@id":"https:\/\/mbdental.ma\/dentisterie-pediatrique\/#local-main-organization-logo","url":"https:\/\/mbdental.ma\/wp-content\/uploads\/2023\/11\/MONTBLANC-DENTAL-CENTER-LOGO.png","contentUrl":"https:\/\/mbdental.ma\/wp-content\/uploads\/2023\/11\/MONTBLANC-DENTAL-CENTER-LOGO.png","width":1388,"height":1388,"caption":"Montblanc Dental Center | Hollywood Smile, Implants, Invisalign, Ortho, Facettes, Blanchiment Dentaire, Dentiste Marrakech"}]},"geo.placename":"Marrakech","geo.position":{"lat":"31.6388807","long":"-8.0200494"},"geo.region":"Morocco"},"_links":{"self":[{"href":"https:\/\/mbdental.ma\/en\/wp-json\/wp\/v2\/pages\/1398"}],"collection":[{"href":"https:\/\/mbdental.ma\/en\/wp-json\/wp\/v2\/pages"}],"about":[{"href":"https:\/\/mbdental.ma\/en\/wp-json\/wp\/v2\/types\/page"}],"author":[{"embeddable":true,"href":"https:\/\/mbdental.ma\/en\/wp-json\/wp\/v2\/users\/1"}],"replies":[{"embeddable":true,"href":"https:\/\/mbdental.ma\/en\/wp-json\/wp\/v2\/comments?post=1398"}],"version-history":[{"count":0,"href":"https:\/\/mbdental.ma\/en\/wp-json\/wp\/v2\/pages\/1398\/revisions"}],"wp:featuredmedia":[{"embeddable":true,"href":"https:\/\/mbdental.ma\/en\/wp-json\/wp\/v2\/media\/2817"}],"wp:attachment":[{"href":"https:\/\/mbdental.ma\/en\/wp-json\/wp\/v2\/media?parent=1398"}],"curies":[{"name":"wp","href":"https:\/\/api.w.org\/{rel}","templated":true}]}}