{"id":1397,"date":"2021-07-29T23:48:10","date_gmt":"2021-07-29T23:48:10","guid":{"rendered":"https:\/\/mbdental.ma\/?page_id=1397"},"modified":"2024-01-11T03:05:23","modified_gmt":"2024-01-11T02:05:23","slug":"radiologie-dentaire","status":"publish","type":"page","link":"https:\/\/mbdental.ma\/en\/dental-radiology\/","title":{"rendered":"Dental Radiology"},"content":{"rendered":"<section id=\"bt_bb_section69dbe7c800f09\" class=\"bt_bb_section bt_bb_color_scheme_1 bt_bb_layout_boxed_1200 bt_bb_vertical_align_top bt_bb_bottom_section_coverage_image bt_bb_section_with_bottom_coverage_image bt_bb_section_show_right_boxed_content\" style=\"; --section-primary-color:#ffffff; --section-secondary-color:#191919;;background-color:#1ebeb6;\" data-bt-override-class=\"null\"><div class=\"bt_bb_background_image_holder_wrapper\"><div class=\"bt_bb_background_image_holder btLazyLoadBackground\"  data-background_image_src=\"https:\/\/mbdental.ma\/wp-content\/uploads\/2020\/01\/background.jpg\" data-parallax-zoom-start=\"1\" data-parallax-zoom-end=\"1\" data-parallax-blur-start=\"0\" data-parallax-blur-end=\"0\" data-parallax-opacity-start=\"1\" data-parallax-opacity-end=\"1\" style=\" background-image: url(&#039;https:\/\/mbdental.ma\/wp-content\/plugins\/bold-page-builder\/img\/blank.gif&#039;);\"><\/div><\/div><div class=\"bt_bb_port\"><div class=\"bt_bb_cell\"><div class=\"bt_bb_cell_inner\"><div class=\"bt_bb_row_wrapper\"><div  class=\"bt_bb_row\"  data-bt-override-class=\"{}\"><div  class=\"bt_bb_column col-xxl-6 col-xl-6 col-xs-12 col-sm-6 col-md-6 col-lg-6 bt_bb_vertical_align_top bt_bb_align_left bt_bb_padding_normal\"  data-width=\"6\" data-bt-override-class=\"{}\"><div class=\"bt_bb_column_content\"><div class=\"bt_bb_separator bt_bb_border_style_none bt_bb_bottom_spacing_small\" data-bt-override-class=\"null\"><\/div><div class=\"bt_bb_separator bt_bb_border_style_none bt_bb_bottom_spacing_small\" data-bt-override-class=\"null\"><\/div><div class=\"bt_bb_separator bt_bb_border_style_none bt_bb_bottom_spacing_small\" data-bt-override-class=\"null\"><\/div><div class=\"bt_bb_separator bt_bb_border_style_none bt_bb_bottom_spacing_small\" data-bt-override-class=\"null\"><\/div><div class=\"bt_bb_separator bt_bb_border_style_none bt_bb_bottom_spacing_small\" data-bt-override-class=\"null\"><\/div><div class=\"bt_bb_separator bt_bb_border_style_none bt_bb_bottom_spacing_small\" data-bt-override-class=\"null\"><\/div><\/div><\/div><div  class=\"bt_bb_column col-xxl-6 col-xl-6 col-xs-12 col-sm-6 col-md-6 col-lg-6 bt_bb_vertical_align_top bt_bb_align_left bt_bb_padding_normal\"  data-width=\"6\" data-bt-override-class=\"{}\"><div class=\"bt_bb_column_content\"><div class=\"bt_bb_separator bt_bb_border_style_none bt_bb_bottom_spacing_small\" data-bt-override-class=\"null\"><\/div><\/div><\/div><\/div><\/div><\/div><!-- cell_inner --><\/div><!-- cell --><\/div><!-- port --><div class=\"bt_bb_section_bottom_section_coverage_image\"><img src=\"https:\/\/mbdental.ma\/wp-content\/uploads\/2020\/02\/bgn-footer-reverse.png\" alt=\"bt_bbb_section_bottom_section_coverage_image\" \/><\/div><\/section><section id=\"bt_bb_section69dbe7c80119c\" class=\"bt_bb_section bt_bb_layout_boxed_1200 bt_bb_vertical_align_middle bt_bb_top_spacing_medium bt_bb_bottom_spacing_medium\"  data-bt-override-class=\"null\"><div class=\"bt_bb_port\"><div class=\"bt_bb_cell\"><div class=\"bt_bb_cell_inner\"><div class=\"bt_bb_row_wrapper\"><div  class=\"bt_bb_row bt_bb_column_gap_35\"  data-bt-override-class=\"{}\"><div  class=\"bt_bb_column col-xxl-12 col-xl-12 col-xs-12 col-sm-12 col-md-12 col-lg-12 bt_bb_vertical_align_top bt_bb_align_left bt_bb_padding_normal bt_bb_animation_fade_in animate\"  data-width=\"12\" data-bt-override-class=\"{}\"><div class=\"bt_bb_column_content\"><div class=\"bt_bb_separator bt_bb_border_style_none bt_bb_bottom_spacing_small\" data-bt-override-class=\"null\"><\/div><div class=\"bt_bb_separator bt_bb_border_style_none bt_bb_bottom_spacing_small\" data-bt-override-class=\"null\"><\/div><div class=\"bt_bb_row_wrapper\"><div  class=\"bt_bb_row_inner\"  data-bt-override-class=\"{}\"><div  class=\"bt_bb_column_inner col-xxl-6 col-xl-6 bt_bb_align_left bt_bb_vertical_align_top\"  data-width=\"6\" data-bt-override-class=\"{}\"><div class=\"bt_bb_column_inner_content\"><div class=\"bt_bb_image bt_bb_shape_square bt_bb_target_self bt_bb_align_inherit bt_bb_hover_style_simple bt_bb_content_display_always bt_bb_content_align_middle\" data-bt-override-class=\"{&quot;bt_bb_align_&quot;:{&quot;current_class&quot;:&quot;bt_bb_align_inherit&quot;,&quot;xxl&quot;:&quot;inherit&quot;,&quot;xl&quot;:&quot;inherit&quot;}}\"><span><img width=\"640\" height=\"420\" src=\"https:\/\/mbdental.ma\/wp-content\/uploads\/2021\/08\/radio-640x420.jpg\" class=\"attachment-boldthemes_medium_rectangle size-boldthemes_medium_rectangle\" alt=\"https:\/\/mbdental.ma\/wp-content\/uploads\/2021\/08\/radio-640x420.jpg\" decoding=\"async\" data-full_image_src=\"https:\/\/mbdental.ma\/wp-content\/uploads\/2021\/08\/radio.jpg\" title=\"radio\" \/><\/span><\/div><div class=\"bt_bb_separator bt_bb_border_style_none bt_bb_bottom_spacing_normal bt_bb_hidden_md bt_bb_hidden_lg\" data-bt-override-class=\"null\"><\/div><div class=\"bt_bb_column_inner_highlight\"><\/div><\/div><\/div><div  class=\"bt_bb_column_inner col-xxl-6 col-xl-6 bt_bb_align_left bt_bb_vertical_align_top\"  data-width=\"6\" data-bt-override-class=\"{}\"><div class=\"bt_bb_column_inner_content\"><div class=\"bt_bb_separator bt_bb_border_style_none bt_bb_bottom_spacing_small\" data-bt-override-class=\"null\"><\/div><div class=\"bt_bb_separator bt_bb_border_style_none bt_bb_bottom_spacing_small\" data-bt-override-class=\"null\"><\/div><div class=\"bt_bb_separator bt_bb_border_style_none bt_bb_bottom_spacing_small\" data-bt-override-class=\"null\"><\/div><header data-bb-version=\"4.7.6\" class=\"bt_bb_headline bt_bb_subheadline_text_transform_default bt_bb_color_scheme_4 bt_bb_dash_none bt_bb_size_inherit bt_bb_align_inherit bt_bb_dash_type_none\" style=\"; --primary-color:#1ebeb6; --secondary-color:#ffffff;\" data-bt-override-class=\"{&quot;bt_bb_size_&quot;:{&quot;current_class&quot;:&quot;bt_bb_size_inherit&quot;,&quot;xxl&quot;:&quot;inherit&quot;},&quot;bt_bb_align_&quot;:{&quot;current_class&quot;:&quot;bt_bb_align_inherit&quot;,&quot;xxl&quot;:&quot;inherit&quot;}}\"><h1 class=\"bt_bb_headline_tag\"><span class=\"bt_bb_headline_content\"><span>Dental Radiology<\/span><\/span><\/h1><\/header><div class=\"bt_bb_separator bt_bb_border_style_none bt_bb_bottom_spacing_small\" data-bt-override-class=\"null\"><\/div><div class=\"bt_bb_separator bt_bb_border_style_none bt_bb_bottom_spacing_small\" data-bt-override-class=\"null\"><\/div><div  class=\"bt_bb_text\" ><p>Dental radiology is an indispensable tool in dentistry. It allows our dentists to visualise the various internal structures of the mouth. Different types of intra-oral radiographs are used to diagnose and monitor various dental problems. From retroalveolar radiography targeting a specific tooth to interproximal radiography detecting caries between teeth. Each technique provides valuable information for clinical decision-making, in order to provide quality dental care.<\/p>\n<\/div><div class=\"bt_bb_column_inner_highlight\"><\/div><\/div><\/div><\/div><\/div><div class=\"bt_bb_separator bt_bb_border_style_none bt_bb_bottom_spacing_small\" data-bt-override-class=\"null\"><\/div><\/div><\/div><\/div><\/div><div data-bb-version=\"4.7.6\" class=\"bt_bb_row_wrapper\"><div  class=\"bt_bb_row\"  data-bt-override-class=\"{}\"><div data-bb-version=\"4.7.6\"  class=\"bt_bb_column col-xxl-12 col-xl-12 col-xs-12 col-sm-12 col-md-12 col-lg-12 bt_bb_vertical_align_top bt_bb_align_left bt_bb_padding_normal\"  data-width=\"12\" data-bt-override-class=\"{}\"><div class=\"bt_bb_column_content\"><header data-bb-version=\"4.7.6\" class=\"bt_bb_headline bt_bb_subheadline_text_transform_default bt_bb_color_scheme_4 bt_bb_dash_none bt_bb_subheadline bt_bb_size_inherit bt_bb_align_inherit bt_bb_dash_type_none\" style=\"; --primary-color:#1ebeb6; --secondary-color:#ffffff;\" data-bt-override-class=\"{&quot;bt_bb_size_&quot;:{&quot;current_class&quot;:&quot;bt_bb_size_inherit&quot;,&quot;xxl&quot;:&quot;inherit&quot;},&quot;bt_bb_align_&quot;:{&quot;current_class&quot;:&quot;bt_bb_align_inherit&quot;,&quot;xxl&quot;:&quot;inherit&quot;}}\"><h2 class=\"bt_bb_headline_tag\"><span class=\"bt_bb_headline_content\"><span>The following are some of the common types of intra-oral radiographs:<\/span><\/span><\/h2><div class=\"bt_bb_headline_subheadline\">Retroalveolar radiography (RVA) <\/div><\/header><div class=\"bt_bb_separator bt_bb_border_style_none bt_bb_bottom_spacing_small\" data-bt-override-class=\"null\"><\/div><div data-bb-version=\"4.7.6\"  class=\"bt_bb_text\" ><p>This x-ray is taken with the film placed inside the mouth, behind the teeth. It is often used to examine a specific tooth and its bony support.<\/p>\n<\/div><\/div><\/div><\/div><\/div><div data-bb-version=\"4.7.6\" class=\"bt_bb_row_wrapper\"><div  class=\"bt_bb_row\"  data-bt-override-class=\"{}\"><div data-bb-version=\"4.7.6\"  class=\"bt_bb_column col-xxl-12 col-xl-12 col-xs-12 col-sm-12 col-md-12 col-lg-12 bt_bb_vertical_align_top bt_bb_align_left bt_bb_padding_normal\"  data-width=\"12\" data-bt-override-class=\"{}\"><div class=\"bt_bb_column_content\"><header data-bb-version=\"4.7.6\" class=\"bt_bb_headline bt_bb_subheadline_text_transform_default bt_bb_color_scheme_4 bt_bb_dash_none bt_bb_subheadline bt_bb_size_inherit bt_bb_align_inherit bt_bb_dash_type_none\" style=\"; --primary-color:#1ebeb6; --secondary-color:#ffffff;\" data-bt-override-class=\"{&quot;bt_bb_size_&quot;:{&quot;current_class&quot;:&quot;bt_bb_size_inherit&quot;,&quot;xxl&quot;:&quot;inherit&quot;},&quot;bt_bb_align_&quot;:{&quot;current_class&quot;:&quot;bt_bb_align_inherit&quot;,&quot;xxl&quot;:&quot;inherit&quot;}}\"><div class=\"bt_bb_headline_subheadline\">Interproximal radiography (Bite-wing) <\/div><\/header><div class=\"bt_bb_separator bt_bb_border_style_none bt_bb_bottom_spacing_small\" data-bt-override-class=\"null\"><\/div><div data-bb-version=\"4.7.6\"  class=\"bt_bb_text\" ><p>These X-rays capture the <a href=\"https:\/\/mbdental.ma\/en\/dental-crown\/\">crowns<\/a> of the upper and lower teeth in contact with each other. They are also often used to detect cavities between teeth and assess the fit of dental crowns.<\/p>\n<\/div><\/div><\/div><\/div><\/div><div data-bb-version=\"4.7.6\" class=\"bt_bb_row_wrapper\"><div  class=\"bt_bb_row\"  data-bt-override-class=\"{}\"><div data-bb-version=\"4.7.6\"  class=\"bt_bb_column col-xxl-12 col-xl-12 col-xs-12 col-sm-12 col-md-12 col-lg-12 bt_bb_vertical_align_top bt_bb_align_left bt_bb_padding_normal\"  data-width=\"12\" data-bt-override-class=\"{}\"><div class=\"bt_bb_column_content\"><header data-bb-version=\"4.7.6\" class=\"bt_bb_headline bt_bb_subheadline_text_transform_default bt_bb_color_scheme_4 bt_bb_dash_none bt_bb_subheadline bt_bb_size_inherit bt_bb_align_inherit bt_bb_dash_type_none\" style=\"; --primary-color:#1ebeb6; --secondary-color:#ffffff;\" data-bt-override-class=\"{&quot;bt_bb_size_&quot;:{&quot;current_class&quot;:&quot;bt_bb_size_inherit&quot;,&quot;xxl&quot;:&quot;inherit&quot;},&quot;bt_bb_align_&quot;:{&quot;current_class&quot;:&quot;bt_bb_align_inherit&quot;,&quot;xxl&quot;:&quot;inherit&quot;}}\"><div class=\"bt_bb_headline_subheadline\">Occlusal radiography<\/div><\/header><div class=\"bt_bb_separator bt_bb_border_style_none bt_bb_bottom_spacing_small\" data-bt-override-class=\"null\"><\/div><div data-bb-version=\"4.7.6\"  class=\"bt_bb_text\" ><p>These x-rays capture the entire upper or lower dental arch. They are often used to assess jawbone growth, tooth position and temporomandibular joint (TMJ) abnormalities.<\/p>\n<\/div><\/div><\/div><\/div><\/div><div data-bb-version=\"4.7.6\" class=\"bt_bb_row_wrapper\"><div  class=\"bt_bb_row\"  data-bt-override-class=\"{}\"><div data-bb-version=\"4.7.6\"  class=\"bt_bb_column col-xxl-12 col-xl-12 col-xs-12 col-sm-12 col-md-12 col-lg-12 bt_bb_vertical_align_top bt_bb_align_left bt_bb_padding_normal\"  data-width=\"12\" data-bt-override-class=\"{}\"><div class=\"bt_bb_column_content\"><header data-bb-version=\"4.7.6\" class=\"bt_bb_headline bt_bb_subheadline_text_transform_default bt_bb_color_scheme_4 bt_bb_dash_none bt_bb_subheadline bt_bb_size_inherit bt_bb_align_inherit bt_bb_dash_type_none\" style=\"; --primary-color:#1ebeb6; --secondary-color:#ffffff;\" data-bt-override-class=\"{&quot;bt_bb_size_&quot;:{&quot;current_class&quot;:&quot;bt_bb_size_inherit&quot;,&quot;xxl&quot;:&quot;inherit&quot;},&quot;bt_bb_align_&quot;:{&quot;current_class&quot;:&quot;bt_bb_align_inherit&quot;,&quot;xxl&quot;:&quot;inherit&quot;}}\"><div class=\"bt_bb_headline_subheadline\">Periapical radiography<\/div><\/header><div class=\"bt_bb_separator bt_bb_border_style_none bt_bb_bottom_spacing_small\" data-bt-override-class=\"null\"><\/div><div data-bb-version=\"4.7.6\"  class=\"bt_bb_text\" ><p>These X-rays show the entire tooth, from the crown to the root and the bone that supports it, and are often used to examine specific teeth and the surrounding tissues.<\/p>\n<\/div><div class=\"bt_bb_separator bt_bb_border_style_none bt_bb_bottom_spacing_small\" data-bt-override-class=\"null\"><\/div><div data-bb-version=\"4.7.6\"  class=\"bt_bb_text\" ><p>Dental radiology is very useful for complementing clinical examinations, which is why our dentist can use this examination technique.<\/p>\n<\/div><\/div><\/div><\/div><\/div><\/div><!-- cell_inner --><\/div><!-- cell --><\/div><!-- port --><\/section>","protected":false},"excerpt":{"rendered":"<p>Credibly reintermediate backend ideas for cross-platform models. Continually reintermediate integrated processes through technically sound intellectual capital. Holistically foster superior methodologies without market-driven best practices.<\/p>","protected":false},"author":1,"featured_media":2830,"parent":0,"menu_order":0,"comment_status":"closed","ping_status":"closed","template":"","meta":{"_mi_skip_tracking":false,"_monsterinsights_sitenote_active":false,"_monsterinsights_sitenote_note":"","_monsterinsights_sitenote_category":0,"footnotes":""},"yoast_head":"<!-- This site is optimized with the Yoast SEO Premium plugin v21.5 (Yoast SEO v21.5) - https:\/\/yoast.com\/wordpress\/plugins\/seo\/ -->\n<title>Radiologie Dentaire | Dentiste Marrakech<\/title>\n<meta name=\"description\" content=\"Nos dentistes sp\u00e9cialis\u00e9s en radiologie dentaire vous accueillent pour votre examen dentaire \u00e0 Marrakech. Prise de rdv en ligne.\" \/>\n<meta name=\"robots\" content=\"index, follow, max-snippet:-1, max-image-preview:large, max-video-preview:-1\" \/>\n<link rel=\"canonical\" href=\"https:\/\/mbdental.ma\/en\/dental-radiology\/\" \/>\n<meta property=\"og:locale\" content=\"en_GB\" \/>\n<meta property=\"og:type\" content=\"article\" \/>\n<meta property=\"og:title\" content=\"Radiologie Dentaire\" \/>\n<meta property=\"og:description\" content=\"Nos dentistes sp\u00e9cialis\u00e9s en radiologie dentaire vous accueillent pour votre examen dentaire \u00e0 Marrakech. Prise de rdv en ligne.\" \/>\n<meta property=\"og:url\" content=\"https:\/\/mbdental.ma\/en\/dental-radiology\/\" \/>\n<meta property=\"og:site_name\" content=\"Montblanc Dental Center - Dentiste Marrakech | Hollywood Smile, Implant, Invisalign, Orthodontie, Facette, Blanchiment\" \/>\n<meta property=\"article:publisher\" content=\"https:\/\/www.facebook.com\/montblancdental\/\" \/>\n<meta property=\"article:modified_time\" content=\"2024-01-11T02:05:23+00:00\" \/>\n<meta property=\"og:image\" content=\"https:\/\/mbdental.ma\/wp-content\/uploads\/2024\/01\/radiologie-dentaire.jpg\" \/>\n\t<meta property=\"og:image:width\" content=\"800\" \/>\n\t<meta property=\"og:image:height\" content=\"604\" \/>\n\t<meta property=\"og:image:type\" content=\"image\/jpeg\" \/>\n<meta name=\"twitter:card\" content=\"summary_large_image\" \/>\n<meta name=\"twitter:site\" content=\"@montblancdental\" \/>\n<meta name=\"twitter:label1\" content=\"Estimated reading time\" \/>\n\t<meta name=\"twitter:data1\" content=\"5 minutes\" \/>\n<script type=\"application\/ld+json\" class=\"yoast-schema-graph\">{\"@context\":\"https:\/\/schema.org\",\"@graph\":[{\"@type\":\"WebPage\",\"@id\":\"https:\/\/mbdental.ma\/radiologie-dentaire\/\",\"url\":\"https:\/\/mbdental.ma\/radiologie-dentaire\/\",\"name\":\"Radiologie Dentaire | Dentiste Marrakech\",\"isPartOf\":{\"@id\":\"https:\/\/mbdental.ma\/#website\"},\"datePublished\":\"2021-07-29T23:48:10+00:00\",\"dateModified\":\"2024-01-11T02:05:23+00:00\",\"description\":\"Nos dentistes sp\u00e9cialis\u00e9s en radiologie dentaire vous accueillent pour votre examen dentaire \u00e0 Marrakech. Prise de rdv en ligne.\",\"breadcrumb\":{\"@id\":\"https:\/\/mbdental.ma\/radiologie-dentaire\/#breadcrumb\"},\"inLanguage\":\"en-GB\",\"potentialAction\":[{\"@type\":\"ReadAction\",\"target\":[\"https:\/\/mbdental.ma\/radiologie-dentaire\/\"]}]},{\"@type\":\"BreadcrumbList\",\"@id\":\"https:\/\/mbdental.ma\/radiologie-dentaire\/#breadcrumb\",\"itemListElement\":[{\"@type\":\"ListItem\",\"position\":1,\"name\":\"Home\",\"item\":\"https:\/\/mbdental.ma\/\"},{\"@type\":\"ListItem\",\"position\":2,\"name\":\"Radiologie Dentaire\"}]},{\"@type\":\"WebSite\",\"@id\":\"https:\/\/mbdental.ma\/#website\",\"url\":\"https:\/\/mbdental.ma\/\",\"name\":\"Montblanc Dental\",\"description\":\"Dentiste , Clinique Dentaire \u00e0 Marrakech\",\"publisher\":{\"@id\":\"https:\/\/mbdental.ma\/#organization\"},\"alternateName\":\"Dentiste Marrakech\",\"potentialAction\":[{\"@type\":\"SearchAction\",\"target\":{\"@type\":\"EntryPoint\",\"urlTemplate\":\"https:\/\/mbdental.ma\/?s={search_term_string}\"},\"query-input\":\"required name=search_term_string\"}],\"inLanguage\":\"en-GB\"},{\"@type\":[\"Organization\",\"Place\",\"Dentist\"],\"@id\":\"https:\/\/mbdental.ma\/#organization\",\"name\":\"Montblanc Dental Center | Hollywood Smile, Implants, Invisalign, Ortho, Facettes, Blanchiment Dentaire, Dentiste Marrakech\",\"url\":\"https:\/\/mbdental.ma\/\",\"logo\":{\"@id\":\"https:\/\/mbdental.ma\/radiologie-dentaire\/#local-main-organization-logo\"},\"image\":{\"@id\":\"https:\/\/mbdental.ma\/radiologie-dentaire\/#local-main-organization-logo\"},\"sameAs\":[\"https:\/\/www.facebook.com\/montblancdental\/\",\"https:\/\/twitter.com\/montblancdental\",\"https:\/\/www.instagram.com\/montblancdental\/\",\"https:\/\/www.aly.ma\/business\/montblanc-dental-center-marrakech-gueliz-ly\"],\"address\":{\"@id\":\"https:\/\/mbdental.ma\/radiologie-dentaire\/#local-main-place-address\"},\"geo\":{\"@type\":\"GeoCoordinates\",\"latitude\":\"31.6388807\",\"longitude\":\"-8.0200494\"},\"telephone\":[\"0524432942\",\"0654226144\"],\"openingHoursSpecification\":[{\"@type\":\"OpeningHoursSpecification\",\"dayOfWeek\":[\"Monday\",\"Wednesday\",\"Friday\"],\"opens\":\"09:00\",\"closes\":\"19:00\"},{\"@type\":\"OpeningHoursSpecification\",\"dayOfWeek\":[\"Tuesday\",\"Thursday\"],\"opens\":\"09:00\",\"closes\":\"17:00\"},{\"@type\":\"OpeningHoursSpecification\",\"dayOfWeek\":[\"Saturday\"],\"opens\":\"09:00\",\"closes\":\"13:00\"},{\"@type\":\"OpeningHoursSpecification\",\"dayOfWeek\":[\"Sunday\"],\"opens\":\"00:00\",\"closes\":\"00:00\"}],\"email\":\"contact@mbdental.ma\",\"areaServed\":\"Marrakech, Gueliz, Annakhil, M\u00e9nara, Targa, Daoudiate, Massira I, Massira II, Massira III\",\"priceRange\":\"$\",\"paymentAccepted\":\"Cash, Card\"},{\"@type\":\"PostalAddress\",\"@id\":\"https:\/\/mbdental.ma\/radiologie-dentaire\/#local-main-place-address\",\"streetAddress\":\"N\u00b01, 1er \u00e9tage, Imm Tissir Quartier Youssef Ibn Tachfine, Rt Targa\",\"addressLocality\":\"Marrakech\",\"postalCode\":\"40000\",\"addressCountry\":\"MA\"},{\"@type\":\"ImageObject\",\"inLanguage\":\"en-GB\",\"@id\":\"https:\/\/mbdental.ma\/radiologie-dentaire\/#local-main-organization-logo\",\"url\":\"https:\/\/mbdental.ma\/wp-content\/uploads\/2023\/11\/MONTBLANC-DENTAL-CENTER-LOGO.png\",\"contentUrl\":\"https:\/\/mbdental.ma\/wp-content\/uploads\/2023\/11\/MONTBLANC-DENTAL-CENTER-LOGO.png\",\"width\":1388,\"height\":1388,\"caption\":\"Montblanc Dental Center | Hollywood Smile, Implants, Invisalign, Ortho, Facettes, Blanchiment Dentaire, Dentiste Marrakech\"}]}<\/script>\n<meta name=\"geo.placename\" content=\"Marrakech\" \/>\n<meta name=\"geo.position\" content=\"31.6388807;-8.0200494\" \/>\n<meta name=\"geo.region\" content=\"Morocco\" \/>\n<!-- \/ Yoast SEO Premium plugin. -->","yoast_head_json":{"title":"Radiologie Dentaire | Dentiste Marrakech","description":"Nos dentistes sp\u00e9cialis\u00e9s en radiologie dentaire vous accueillent pour votre examen dentaire \u00e0 Marrakech. Prise de rdv en ligne.","robots":{"index":"index","follow":"follow","max-snippet":"max-snippet:-1","max-image-preview":"max-image-preview:large","max-video-preview":"max-video-preview:-1"},"canonical":"https:\/\/mbdental.ma\/en\/dental-radiology\/","og_locale":"en_GB","og_type":"article","og_title":"Radiologie Dentaire","og_description":"Nos dentistes sp\u00e9cialis\u00e9s en radiologie dentaire vous accueillent pour votre examen dentaire \u00e0 Marrakech. Prise de rdv en ligne.","og_url":"https:\/\/mbdental.ma\/en\/dental-radiology\/","og_site_name":"Montblanc Dental Center - Dentiste Marrakech | Hollywood Smile, Implant, Invisalign, Orthodontie, Facette, Blanchiment","article_publisher":"https:\/\/www.facebook.com\/montblancdental\/","article_modified_time":"2024-01-11T02:05:23+00:00","og_image":[{"width":800,"height":604,"url":"https:\/\/mbdental.ma\/wp-content\/uploads\/2024\/01\/radiologie-dentaire.jpg","type":"image\/jpeg"}],"twitter_card":"summary_large_image","twitter_site":"@montblancdental","twitter_misc":{"Estimated reading time":"5 minutes"},"schema":{"@context":"https:\/\/schema.org","@graph":[{"@type":"WebPage","@id":"https:\/\/mbdental.ma\/radiologie-dentaire\/","url":"https:\/\/mbdental.ma\/radiologie-dentaire\/","name":"Radiologie Dentaire | Dentiste Marrakech","isPartOf":{"@id":"https:\/\/mbdental.ma\/#website"},"datePublished":"2021-07-29T23:48:10+00:00","dateModified":"2024-01-11T02:05:23+00:00","description":"Nos dentistes sp\u00e9cialis\u00e9s en radiologie dentaire vous accueillent pour votre examen dentaire \u00e0 Marrakech. Prise de rdv en ligne.","breadcrumb":{"@id":"https:\/\/mbdental.ma\/radiologie-dentaire\/#breadcrumb"},"inLanguage":"en-GB","potentialAction":[{"@type":"ReadAction","target":["https:\/\/mbdental.ma\/radiologie-dentaire\/"]}]},{"@type":"BreadcrumbList","@id":"https:\/\/mbdental.ma\/radiologie-dentaire\/#breadcrumb","itemListElement":[{"@type":"ListItem","position":1,"name":"Home","item":"https:\/\/mbdental.ma\/"},{"@type":"ListItem","position":2,"name":"Radiologie Dentaire"}]},{"@type":"WebSite","@id":"https:\/\/mbdental.ma\/#website","url":"https:\/\/mbdental.ma\/","name":"Montblanc Dental","description":"Dentiste , Clinique Dentaire \u00e0 Marrakech","publisher":{"@id":"https:\/\/mbdental.ma\/#organization"},"alternateName":"Dentiste Marrakech","potentialAction":[{"@type":"SearchAction","target":{"@type":"EntryPoint","urlTemplate":"https:\/\/mbdental.ma\/?s={search_term_string}"},"query-input":"required name=search_term_string"}],"inLanguage":"en-GB"},{"@type":["Organization","Place","Dentist"],"@id":"https:\/\/mbdental.ma\/#organization","name":"Montblanc Dental Center | Hollywood Smile, Implants, Invisalign, Ortho, Facettes, Blanchiment Dentaire, Dentiste Marrakech","url":"https:\/\/mbdental.ma\/","logo":{"@id":"https:\/\/mbdental.ma\/radiologie-dentaire\/#local-main-organization-logo"},"image":{"@id":"https:\/\/mbdental.ma\/radiologie-dentaire\/#local-main-organization-logo"},"sameAs":["https:\/\/www.facebook.com\/montblancdental\/","https:\/\/twitter.com\/montblancdental","https:\/\/www.instagram.com\/montblancdental\/","https:\/\/www.aly.ma\/business\/montblanc-dental-center-marrakech-gueliz-ly"],"address":{"@id":"https:\/\/mbdental.ma\/radiologie-dentaire\/#local-main-place-address"},"geo":{"@type":"GeoCoordinates","latitude":"31.6388807","longitude":"-8.0200494"},"telephone":["0524432942","0654226144"],"openingHoursSpecification":[{"@type":"OpeningHoursSpecification","dayOfWeek":["Monday","Wednesday","Friday"],"opens":"09:00","closes":"19:00"},{"@type":"OpeningHoursSpecification","dayOfWeek":["Tuesday","Thursday"],"opens":"09:00","closes":"17:00"},{"@type":"OpeningHoursSpecification","dayOfWeek":["Saturday"],"opens":"09:00","closes":"13:00"},{"@type":"OpeningHoursSpecification","dayOfWeek":["Sunday"],"opens":"00:00","closes":"00:00"}],"email":"contact@mbdental.ma","areaServed":"Marrakech, Gueliz, Annakhil, M\u00e9nara, Targa, Daoudiate, Massira I, Massira II, Massira III","priceRange":"$","paymentAccepted":"Cash, Card"},{"@type":"PostalAddress","@id":"https:\/\/mbdental.ma\/radiologie-dentaire\/#local-main-place-address","streetAddress":"N\u00b01, 1er \u00e9tage, Imm Tissir Quartier Youssef Ibn Tachfine, Rt Targa","addressLocality":"Marrakech","postalCode":"40000","addressCountry":"MA"},{"@type":"ImageObject","inLanguage":"en-GB","@id":"https:\/\/mbdental.ma\/radiologie-dentaire\/#local-main-organization-logo","url":"https:\/\/mbdental.ma\/wp-content\/uploads\/2023\/11\/MONTBLANC-DENTAL-CENTER-LOGO.png","contentUrl":"https:\/\/mbdental.ma\/wp-content\/uploads\/2023\/11\/MONTBLANC-DENTAL-CENTER-LOGO.png","width":1388,"height":1388,"caption":"Montblanc Dental Center | Hollywood Smile, Implants, Invisalign, Ortho, Facettes, Blanchiment Dentaire, Dentiste Marrakech"}]},"geo.placename":"Marrakech","geo.position":{"lat":"31.6388807","long":"-8.0200494"},"geo.region":"Morocco"},"_links":{"self":[{"href":"https:\/\/mbdental.ma\/en\/wp-json\/wp\/v2\/pages\/1397"}],"collection":[{"href":"https:\/\/mbdental.ma\/en\/wp-json\/wp\/v2\/pages"}],"about":[{"href":"https:\/\/mbdental.ma\/en\/wp-json\/wp\/v2\/types\/page"}],"author":[{"embeddable":true,"href":"https:\/\/mbdental.ma\/en\/wp-json\/wp\/v2\/users\/1"}],"replies":[{"embeddable":true,"href":"https:\/\/mbdental.ma\/en\/wp-json\/wp\/v2\/comments?post=1397"}],"version-history":[{"count":0,"href":"https:\/\/mbdental.ma\/en\/wp-json\/wp\/v2\/pages\/1397\/revisions"}],"wp:featuredmedia":[{"embeddable":true,"href":"https:\/\/mbdental.ma\/en\/wp-json\/wp\/v2\/media\/2830"}],"wp:attachment":[{"href":"https:\/\/mbdental.ma\/en\/wp-json\/wp\/v2\/media?parent=1397"}],"curies":[{"name":"wp","href":"https:\/\/api.w.org\/{rel}","templated":true}]}}